{"id":2743,"date":"2024-04-08T09:28:26","date_gmt":"2024-04-08T09:28:26","guid":{"rendered":"http:\/\/clapat-themes.com\/wordpress\/montoya\/?page_id=2743"},"modified":"2025-06-09T12:06:08","modified_gmt":"2025-06-09T12:06:08","slug":"nosotros","status":"publish","type":"page","link":"https:\/\/grupoglow.com\/?page_id=2743","title":{"rendered":"Nosotros"},"content":{"rendered":"\n<div class=\"wp-block-montoya-gutenberg-container content-row dark-section normal\" data-bgcolor=\"#0c0c0c\" style=\"text-align:left\">\n<div class=\"wp-block-montoya-gutenberg-clipped-image clipped-image-wrapper\"><div class=\"clipped-image-pin\"><div class=\"clipped-image\"><img decoding=\"async\" src=\"https:\/\/grupoglow.com\/wp-content\/uploads\/2025\/06\/Captura-de-pantalla-2025-06-09-a-las-13.56.36-scaled.png\" alt=\"\"\/><div class=\"content-video-wrapper\"><video class=\"bgvid\" loop muted playsinline><source src=\"https:\/\/grupoglow.com\/wp-content\/uploads\/2025\/06\/ANIMACION-LOGO-GLOW.mp4\" type=\"video\/mp4\"\/><\/video><\/div><div class=\"clipped-image-gradient\"><\/div><\/div><\/div><div class=\"clipped-image-content content-full-width\"><\/div><\/div>\n<\/div>\n\n\n\n<div class=\"wp-block-group is-nowrap is-layout-flex wp-container-core-group-is-layout-8f761849 wp-block-group-is-layout-flex\">\n<div class=\"wp-block-montoya-gutenberg-container content-row dark-section normal\" data-bgcolor=\"#0c0c0c\" style=\"text-align:left\">\n<div class=\"wp-block-montoya-gutenberg-moving-thumbs-grid move-thumbs-wrapper\"><div class=\"start-thumbs-caption\"><h2 class=\"primary-font-title big-title has-mask-fil\">PREMIOS<\/h2><p>As\u00ed nos han reconocido<\/p><\/div><div class=\"start-thumbs-wrapper\">\n<div class=\"start-move-thumb\"><div class=\"move-thumb-inner\"><div class=\"section-image\"><img decoding=\"async\" class=\"item-image\" src=\"https:\/\/grupoglow.com\/wp-content\/uploads\/2025\/03\/PREMIOS-GLOW_Mesa-de-trabajo-1-copia-7.jpg\" alt=\"\" \/><\/div><\/div><\/div>\n\n\n\n<div class=\"start-move-thumb\"><div class=\"move-thumb-inner\"><div class=\"section-image\"><img decoding=\"async\" class=\"item-image\" src=\"https:\/\/grupoglow.com\/wp-content\/uploads\/2025\/03\/PREMIOS-GLOW_Mesa-de-trabajo-1.jpg\" alt=\"\" \/><\/div><\/div><\/div>\n\n\n\n<div class=\"start-move-thumb\"><div class=\"move-thumb-inner\"><div class=\"section-image\"><img decoding=\"async\" class=\"item-image\" src=\"https:\/\/grupoglow.com\/wp-content\/uploads\/2025\/03\/PREMIOS-GLOW_Mesa-de-trabajo-1-copia-6.jpg\" alt=\"\" \/><\/div><\/div><\/div>\n\n\n\n<div class=\"start-move-thumb\"><div class=\"move-thumb-inner\"><div class=\"section-image\"><img decoding=\"async\" class=\"item-image\" src=\"https:\/\/grupoglow.com\/wp-content\/uploads\/2025\/03\/PREMIOS-GLOW_Mesa-de-trabajo-1-copia.jpg\" alt=\"\" \/><\/div><\/div><\/div>\n\n\n\n<div class=\"start-move-thumb\"><div class=\"move-thumb-inner\"><div class=\"section-image\"><img decoding=\"async\" class=\"item-image\" src=\"https:\/\/grupoglow.com\/wp-content\/uploads\/2025\/03\/PREMIOS-GLOW_Mesa-de-trabajo-1-copia-5.jpg\" alt=\"\" \/><\/div><\/div><\/div>\n\n\n\n<div class=\"start-move-thumb\"><div class=\"move-thumb-inner\"><div class=\"section-image\"><img decoding=\"async\" class=\"item-image\" src=\"https:\/\/grupoglow.com\/wp-content\/uploads\/2025\/03\/PREMIOS-GLOW_Mesa-de-trabajo-1-copia-4.jpg\" alt=\"\" \/><\/div><\/div><\/div>\n<\/div><\/div>\n<\/div>\n<\/div>\n\n\n\n<div class=\"wp-block-montoya-gutenberg-container content-row dark-section normal row_padding_bottom\" data-bgcolor=\"#0c0c0c\" style=\"text-align:center\">\n<div style=\"height:40px\" aria-hidden=\"true\" class=\"wp-block-spacer\"><\/div>\n\n\n\n<h2 class=\"wp-block-heading big-title primary-font-title no-margins has-mask-fill\">M\u00e1s premios<\/h2>\n\n\n\n<div style=\"height:100px\" aria-hidden=\"true\" class=\"wp-block-spacer\"><\/div>\n\n\n\n<ul class=\"wp-block-montoya-gutenberg-flex-list flex-lists-wrapper\">\n<li class=\"wp-block-montoya-gutenberg-flex-list-item flex-list link has-animation\"><span class=\"flex-list-left\">Premios eventoplus 2020<\/span><span class=\"flex-list-center\">Bronce &#8211; Mejor presentaci\u00f3n de producto<\/span><span class=\"flex-list-right\">LG Electronics \u2013 LG Signature<\/span><\/li>\n\n\n\n<li class=\"wp-block-montoya-gutenberg-flex-list-item flex-list link has-animation\"><span class=\"flex-list-left\">Premios eventoplus 2019<\/span><span class=\"flex-list-center\">Bronce &#8211; Mejor evento de RRPP<\/span><span class=\"flex-list-right\">LG Signature Artweek<\/span><\/li>\n\n\n\n<li class=\"wp-block-montoya-gutenberg-flex-list-item flex-list link has-animation\"><span class=\"flex-list-left\">Premios eventoplus 2018<\/span><span class=\"flex-list-center\">Plata &#8211; Mejor animaci\u00f3n\/espect\u00e1culo<\/span><span class=\"flex-list-right\">Departamento de env\u00edos extraordinarios de Correos<\/span><\/li>\n\n\n\n<li class=\"wp-block-montoya-gutenberg-flex-list-item flex-list link has-animation\"><span class=\"flex-list-left\">Premios eventoplus 2017<\/span><span class=\"flex-list-center\">Plata &#8211; Mejor evento de celebraci\u00f3n<\/span><span class=\"flex-list-right\">Departamento de env\u00edos extraordinarios de Correos<\/span><\/li>\n\n\n\n<li class=\"wp-block-montoya-gutenberg-flex-list-item flex-list link has-animation\"><span class=\"flex-list-left\">Premios eventoplus 2017<\/span><span class=\"flex-list-center\">Bronce &#8211; Mejor espacio<\/span><span class=\"flex-list-right\">Departamento de env\u00edos extraordinarios de Correos<\/span><\/li>\n<\/ul>\n<\/div>\n\n\n\n<div class=\"wp-block-montoya-gutenberg-container content-row light-section normal row_padding_top row_padding_bottom change-header-color has-clip-path\" data-bgcolor=\"#ffffff\" style=\"text-align:left\">\n<div class=\"wp-block-columns pinned-section is-layout-flex wp-container-core-columns-is-layout-8f761849 wp-block-columns-is-layout-flex\">\n<div class=\"wp-block-column pinned-element left is-layout-flow wp-block-column-is-layout-flow\">\n<h2 class=\"wp-block-heading big-title primary-font-title no-margins\">Nuestros Servicios<\/h2>\n<\/div>\n\n\n\n<div class=\"wp-block-column scrolling-element right is-layout-flow wp-block-column-is-layout-flow\">\n<dl class=\"wp-block-montoya-gutenberg-accordion accordion small-acc\">\n<dt><span class=\"link\">Conceptualizaci\u00f3n y Storytelling<\/span><div class=\"acc-icon-wrap parallax-wrap\"><div class=\"acc-button-icon parallax-element\"><i class=\"fa fa-arrow-right\"><\/i><\/div><\/div><\/dt><dd class=\"accordion-content\"> Creamos ideas, desarrollamos conceptos y dise\u00f1amos narrativas que dan sentido a cada evento y experiencia de marca.<\/dd>\n\n\n\n<dt><span class=\"link\">Dise\u00f1o y 3D<\/span><div class=\"acc-icon-wrap parallax-wrap\"><div class=\"acc-button-icon parallax-element\"><i class=\"fa fa-arrow-right\"><\/i><\/div><\/div><\/dt><dd class=\"accordion-content\">Transformamos ideas en espacios tangibles. A trav\u00e9s del dise\u00f1o y la visualizaci\u00f3n en 3D, damos forma a stands, escenograf\u00edas y entornos inmersivos que combinan est\u00e9tica, funcionalidad y experiencia de usuario. Visualiza cada detalle antes del evento con nuestros dise\u00f1os 3D.<\/dd>\n\n\n\n<dt><span class=\"link\">Producci\u00f3n<\/span><div class=\"acc-icon-wrap parallax-wrap\"><div class=\"acc-button-icon parallax-element\"><i class=\"fa fa-arrow-right\"><\/i><\/div><\/div><\/dt><dd class=\"accordion-content\">Nos encargamos de la ejecuci\u00f3n de principio a fin. Gestionamos equipos, materiales y proveedores para que todo salga seg\u00fan lo planeado, asegur\u00e1ndonos de que cada detalle se haga realidad con la m\u00e1xima calidad y eficiencia.<\/dd>\n\n\n\n<dt><span class=\"link\">Coordinaci\u00f3n y Log\u00edstica<\/span><div class=\"acc-icon-wrap parallax-wrap\"><div class=\"acc-button-icon parallax-element\"><i class=\"fa fa-arrow-right\"><\/i><\/div><\/div><\/dt><dd class=\"accordion-content\">Nada se deja al azar. Planificamos cada paso del proceso, desde la gesti\u00f3n de tiempos hasta la organizaci\u00f3n de equipos y recursos. Nos aseguramos de que todo fluya de forma precisa.<\/dd>\n\n\n\n<dt><span class=\"link\">Direcci\u00f3n de Arte<\/span><div class=\"acc-icon-wrap parallax-wrap\"><div class=\"acc-button-icon parallax-element\"><i class=\"fa fa-arrow-right\"><\/i><\/div><\/div><\/dt><dd class=\"accordion-content\">Cuidamos cada detalle est\u00e9tico para que los eventos sean coherentes con la identidad visual de la marca. Desde la paleta de colores hasta los elementos decorativos, dise\u00f1amos experiencias que no solo impactan visualmente, sino que transmiten una historia.<\/dd>\n\n\n\n<dt><span class=\"link\">Gr\u00e1fica, Audiovisuales y Carpinter\u00eda<\/span><div class=\"acc-icon-wrap parallax-wrap\"><div class=\"acc-button-icon parallax-element\"><i class=\"fa fa-arrow-right\"><\/i><\/div><\/div><\/dt><dd class=\"accordion-content\">Integramos todos los elementos visuales y t\u00e9cnicos necesarios para crear experiencias impactantes. Contamos con los servicios de gr\u00e1fica de un evento, producci\u00f3n audiovisual y la construcci\u00f3n de elementos personalizados en carpinter\u00eda in house, con lo que nos aseguramos de que cada pieza encaje perfectamente en el concepto global.<\/dd>\n\n\n\n<dt><span class=\"link\">Guest Experience<\/span><div class=\"acc-icon-wrap parallax-wrap\"><div class=\"acc-button-icon parallax-element\"><i class=\"fa fa-arrow-right\"><\/i><\/div><\/div><\/dt><dd class=\"accordion-content\">El evento no solo debe verse bien, debe sentirse bien. Ponemos al p\u00fablico en el centro de la experiencia, dise\u00f1ando interacciones y activaciones que generen conexi\u00f3n, sorpresa y engagement. Queremos que cada asistente se lleve algo m\u00e1s que un recuerdo, se lleve una vivencia inolvidable.<\/dd>\n<\/dl>\n<\/div>\n<\/div>\n\n\n\n<p class=\"wp-block-paragraph\"><\/p>\n<\/div>\n\n\n\n<div class=\"wp-block-montoya-gutenberg-container content-row dark-section full row_padding_top row_padding_left row_padding_right\" data-bgcolor=\"#0c0c0c\" style=\"text-align:center\">\n<h2 class=\"wp-block-heading big-title primary-font-title has-mask-fill\">Confian en nosotros<\/h2>\n\n\n\n<p class=\"wp-block-paragraph\">Creamos proyectos memorables y visualmente impactantes para nuestros clientes.<\/p>\n\n\n\n<div style=\"height:80px\" aria-hidden=\"true\" class=\"wp-block-spacer\"><\/div>\n\n\n\n<div class=\"wp-block-montoya-gutenberg-clients-moving-gallery moving-gallery fw-gallery\"><ul class=\"wrapper-gallery\">\n<li class=\"link\"><img decoding=\"async\" src=\"https:\/\/grupoglow.com\/wp-content\/uploads\/2025\/03\/Logos-clientes-glow_spotify.png\" alt=\"client image\" \/><div class=\"moving-gallery-caption\">Spotify<\/div><\/li>\n\n\n\n<li class=\"link\"><img decoding=\"async\" src=\"https:\/\/grupoglow.com\/wp-content\/uploads\/2025\/03\/Logos-clientes-glow_LG.png\" alt=\"client image\" \/><div class=\"moving-gallery-caption\">LG<\/div><\/li>\n\n\n\n<li class=\"link\"><img decoding=\"async\" src=\"https:\/\/grupoglow.com\/wp-content\/uploads\/2025\/03\/Logos-clientes-glow_Aston-Martin.png\" alt=\"client image\" \/><div class=\"moving-gallery-caption\">Aston Martin<\/div><\/li>\n\n\n\n<li class=\"link\"><img decoding=\"async\" src=\"https:\/\/grupoglow.com\/wp-content\/uploads\/2025\/03\/Logos-clientes-glow_youtube.png\" alt=\"client image\" \/><div class=\"moving-gallery-caption\">Youtube<\/div><\/li>\n\n\n\n<li class=\"link\"><img decoding=\"async\" src=\"https:\/\/grupoglow.com\/wp-content\/uploads\/2025\/03\/Logos-clientes-glow_youtube-copia.png\" alt=\"client image\" \/><div class=\"moving-gallery-caption\">Ron Barcel\u00f3<\/div><\/li>\n\n\n\n<li class=\"link\"><img decoding=\"async\" src=\"https:\/\/grupoglow.com\/wp-content\/uploads\/2025\/03\/Logos-clientes-glow_total-energies.png\" alt=\"client image\" \/><div class=\"moving-gallery-caption\">Total Energies<\/div><\/li>\n<\/ul><\/div>\n\n\n\n<div class=\"wp-block-montoya-gutenberg-clients-moving-gallery moving-gallery bw-gallery\"><ul class=\"wrapper-gallery\">\n<li class=\"link\"><img decoding=\"async\" src=\"https:\/\/grupoglow.com\/wp-content\/uploads\/2025\/03\/Logos-clientes-glow_thempson.png\" alt=\"client image\" \/><div class=\"moving-gallery-caption\">Hotel Thompson<\/div><\/li>\n\n\n\n<li class=\"link\"><img decoding=\"async\" src=\"https:\/\/grupoglow.com\/wp-content\/uploads\/2025\/03\/Logos-clientes-glow_versace.png\" alt=\"client image\" \/><div class=\"moving-gallery-caption\">Versace<\/div><\/li>\n\n\n\n<li class=\"link\"><img decoding=\"async\" src=\"https:\/\/grupoglow.com\/wp-content\/uploads\/2025\/03\/Logos-clientes-glow_varma.png\" alt=\"client image\" \/><div class=\"moving-gallery-caption\">Grupo Varma<\/div><\/li>\n\n\n\n<li class=\"link\"><img decoding=\"async\" src=\"https:\/\/grupoglow.com\/wp-content\/uploads\/2025\/03\/Logos-clientes-glow_ING.png\" alt=\"client image\" \/><div class=\"moving-gallery-caption\">ING<\/div><\/li>\n\n\n\n<li class=\"link\"><img decoding=\"async\" src=\"https:\/\/grupoglow.com\/wp-content\/uploads\/2025\/03\/Logos-clientes-glow_givenchy.png\" alt=\"client image\" \/><div class=\"moving-gallery-caption\">Givenchy<\/div><\/li>\n\n\n\n<li class=\"link\"><img decoding=\"async\" src=\"https:\/\/grupoglow.com\/wp-content\/uploads\/2025\/03\/Logos-clientes-glow_thempson.png\" alt=\"client image\" \/><div class=\"moving-gallery-caption\">Hotel Thompson<\/div><\/li>\n<\/ul><\/div>\n<\/div>\n","protected":false},"excerpt":{"rendered":"","protected":false},"author":1,"featured_media":0,"parent":0,"menu_order":0,"comment_status":"closed","ping_status":"closed","template":"","meta":{"_crdt_document":"","_uag_custom_page_level_css":"","footnotes":""},"class_list":["post-2743","page","type-page","status-publish","hentry"],"yoast_head":"<!-- This site is optimized with the Yoast SEO plugin v27.4 - https:\/\/yoast.com\/product\/yoast-seo-wordpress\/ -->\n<title>Nosotros - Grupo Glow - Agencia de Eventos<\/title>\n<meta name=\"robots\" content=\"index, follow, max-snippet:-1, max-image-preview:large, max-video-preview:-1\" \/>\n<link rel=\"canonical\" href=\"https:\/\/grupoglow.com\/?page_id=2743\" \/>\n<meta property=\"og:locale\" content=\"es_ES\" \/>\n<meta property=\"og:type\" content=\"article\" \/>\n<meta property=\"og:title\" content=\"Nosotros - Grupo Glow - Agencia de Eventos\" \/>\n<meta property=\"og:url\" content=\"https:\/\/grupoglow.com\/?page_id=2743\" \/>\n<meta property=\"og:site_name\" content=\"Grupo Glow - Agencia de Eventos\" \/>\n<meta property=\"article:modified_time\" content=\"2025-06-09T12:06:08+00:00\" \/>\n<meta property=\"og:image\" content=\"https:\/\/grupoglow.com\/wp-content\/uploads\/2025\/06\/Captura-de-pantalla-2025-06-09-a-las-13.56.36-scaled.png\" \/>\n<meta name=\"twitter:card\" content=\"summary_large_image\" \/>\n<meta name=\"twitter:label1\" content=\"Tiempo de lectura\" \/>\n\t<meta name=\"twitter:data1\" content=\"4 minutos\" \/>\n<script type=\"application\/ld+json\" class=\"yoast-schema-graph\">{\"@context\":\"https:\\\/\\\/schema.org\",\"@graph\":[{\"@type\":\"WebPage\",\"@id\":\"https:\\\/\\\/grupoglow.com\\\/?page_id=2743\",\"url\":\"https:\\\/\\\/grupoglow.com\\\/?page_id=2743\",\"name\":\"Nosotros - Grupo Glow - Agencia de Eventos\",\"isPartOf\":{\"@id\":\"https:\\\/\\\/grupoglow.com\\\/#website\"},\"primaryImageOfPage\":{\"@id\":\"https:\\\/\\\/grupoglow.com\\\/?page_id=2743#primaryimage\"},\"image\":{\"@id\":\"https:\\\/\\\/grupoglow.com\\\/?page_id=2743#primaryimage\"},\"thumbnailUrl\":\"https:\\\/\\\/grupoglow.com\\\/wp-content\\\/uploads\\\/2025\\\/06\\\/Captura-de-pantalla-2025-06-09-a-las-13.56.36-scaled.png\",\"datePublished\":\"2024-04-08T09:28:26+00:00\",\"dateModified\":\"2025-06-09T12:06:08+00:00\",\"breadcrumb\":{\"@id\":\"https:\\\/\\\/grupoglow.com\\\/?page_id=2743#breadcrumb\"},\"inLanguage\":\"es\",\"potentialAction\":[{\"@type\":\"ReadAction\",\"target\":[\"https:\\\/\\\/grupoglow.com\\\/?page_id=2743\"]}]},{\"@type\":\"ImageObject\",\"inLanguage\":\"es\",\"@id\":\"https:\\\/\\\/grupoglow.com\\\/?page_id=2743#primaryimage\",\"url\":\"https:\\\/\\\/grupoglow.com\\\/wp-content\\\/uploads\\\/2025\\\/06\\\/Captura-de-pantalla-2025-06-09-a-las-13.56.36-scaled.png\",\"contentUrl\":\"https:\\\/\\\/grupoglow.com\\\/wp-content\\\/uploads\\\/2025\\\/06\\\/Captura-de-pantalla-2025-06-09-a-las-13.56.36-scaled.png\",\"width\":2560,\"height\":1432},{\"@type\":\"BreadcrumbList\",\"@id\":\"https:\\\/\\\/grupoglow.com\\\/?page_id=2743#breadcrumb\",\"itemListElement\":[{\"@type\":\"ListItem\",\"position\":1,\"name\":\"Portada\",\"item\":\"https:\\\/\\\/grupoglow.com\\\/\"},{\"@type\":\"ListItem\",\"position\":2,\"name\":\"Nosotros\"}]},{\"@type\":\"WebSite\",\"@id\":\"https:\\\/\\\/grupoglow.com\\\/#website\",\"url\":\"https:\\\/\\\/grupoglow.com\\\/\",\"name\":\"Grupo Glow - Agencia de Eventos\",\"description\":\"\",\"publisher\":{\"@id\":\"https:\\\/\\\/grupoglow.com\\\/#organization\"},\"potentialAction\":[{\"@type\":\"SearchAction\",\"target\":{\"@type\":\"EntryPoint\",\"urlTemplate\":\"https:\\\/\\\/grupoglow.com\\\/?s={search_term_string}\"},\"query-input\":{\"@type\":\"PropertyValueSpecification\",\"valueRequired\":true,\"valueName\":\"search_term_string\"}}],\"inLanguage\":\"es\"},{\"@type\":\"Organization\",\"@id\":\"https:\\\/\\\/grupoglow.com\\\/#organization\",\"name\":\"Grupo Glow - Agencia de Eventos\",\"url\":\"https:\\\/\\\/grupoglow.com\\\/\",\"logo\":{\"@type\":\"ImageObject\",\"inLanguage\":\"es\",\"@id\":\"https:\\\/\\\/grupoglow.com\\\/#\\\/schema\\\/logo\\\/image\\\/\",\"url\":\"https:\\\/\\\/grupoglow.com\\\/wp-content\\\/uploads\\\/2025\\\/06\\\/cropped-favicon_glow_512x512.png\",\"contentUrl\":\"https:\\\/\\\/grupoglow.com\\\/wp-content\\\/uploads\\\/2025\\\/06\\\/cropped-favicon_glow_512x512.png\",\"width\":512,\"height\":512,\"caption\":\"Grupo Glow - Agencia de Eventos\"},\"image\":{\"@id\":\"https:\\\/\\\/grupoglow.com\\\/#\\\/schema\\\/logo\\\/image\\\/\"},\"sameAs\":[\"https:\\\/\\\/www.instagram.com\\\/grupoglow_events\\\/\"]}]}<\/script>\n<!-- \/ Yoast SEO plugin. -->","yoast_head_json":{"title":"Nosotros - Grupo Glow - Agencia de Eventos","robots":{"index":"index","follow":"follow","max-snippet":"max-snippet:-1","max-image-preview":"max-image-preview:large","max-video-preview":"max-video-preview:-1"},"canonical":"https:\/\/grupoglow.com\/?page_id=2743","og_locale":"es_ES","og_type":"article","og_title":"Nosotros - Grupo Glow - Agencia de Eventos","og_url":"https:\/\/grupoglow.com\/?page_id=2743","og_site_name":"Grupo Glow - Agencia de Eventos","article_modified_time":"2025-06-09T12:06:08+00:00","og_image":[{"url":"https:\/\/grupoglow.com\/wp-content\/uploads\/2025\/06\/Captura-de-pantalla-2025-06-09-a-las-13.56.36-scaled.png","type":"","width":"","height":""}],"twitter_card":"summary_large_image","twitter_misc":{"Tiempo de lectura":"4 minutos"},"schema":{"@context":"https:\/\/schema.org","@graph":[{"@type":"WebPage","@id":"https:\/\/grupoglow.com\/?page_id=2743","url":"https:\/\/grupoglow.com\/?page_id=2743","name":"Nosotros - Grupo Glow - Agencia de Eventos","isPartOf":{"@id":"https:\/\/grupoglow.com\/#website"},"primaryImageOfPage":{"@id":"https:\/\/grupoglow.com\/?page_id=2743#primaryimage"},"image":{"@id":"https:\/\/grupoglow.com\/?page_id=2743#primaryimage"},"thumbnailUrl":"https:\/\/grupoglow.com\/wp-content\/uploads\/2025\/06\/Captura-de-pantalla-2025-06-09-a-las-13.56.36-scaled.png","datePublished":"2024-04-08T09:28:26+00:00","dateModified":"2025-06-09T12:06:08+00:00","breadcrumb":{"@id":"https:\/\/grupoglow.com\/?page_id=2743#breadcrumb"},"inLanguage":"es","potentialAction":[{"@type":"ReadAction","target":["https:\/\/grupoglow.com\/?page_id=2743"]}]},{"@type":"ImageObject","inLanguage":"es","@id":"https:\/\/grupoglow.com\/?page_id=2743#primaryimage","url":"https:\/\/grupoglow.com\/wp-content\/uploads\/2025\/06\/Captura-de-pantalla-2025-06-09-a-las-13.56.36-scaled.png","contentUrl":"https:\/\/grupoglow.com\/wp-content\/uploads\/2025\/06\/Captura-de-pantalla-2025-06-09-a-las-13.56.36-scaled.png","width":2560,"height":1432},{"@type":"BreadcrumbList","@id":"https:\/\/grupoglow.com\/?page_id=2743#breadcrumb","itemListElement":[{"@type":"ListItem","position":1,"name":"Portada","item":"https:\/\/grupoglow.com\/"},{"@type":"ListItem","position":2,"name":"Nosotros"}]},{"@type":"WebSite","@id":"https:\/\/grupoglow.com\/#website","url":"https:\/\/grupoglow.com\/","name":"Grupo Glow - Agencia de Eventos","description":"","publisher":{"@id":"https:\/\/grupoglow.com\/#organization"},"potentialAction":[{"@type":"SearchAction","target":{"@type":"EntryPoint","urlTemplate":"https:\/\/grupoglow.com\/?s={search_term_string}"},"query-input":{"@type":"PropertyValueSpecification","valueRequired":true,"valueName":"search_term_string"}}],"inLanguage":"es"},{"@type":"Organization","@id":"https:\/\/grupoglow.com\/#organization","name":"Grupo Glow - Agencia de Eventos","url":"https:\/\/grupoglow.com\/","logo":{"@type":"ImageObject","inLanguage":"es","@id":"https:\/\/grupoglow.com\/#\/schema\/logo\/image\/","url":"https:\/\/grupoglow.com\/wp-content\/uploads\/2025\/06\/cropped-favicon_glow_512x512.png","contentUrl":"https:\/\/grupoglow.com\/wp-content\/uploads\/2025\/06\/cropped-favicon_glow_512x512.png","width":512,"height":512,"caption":"Grupo Glow - Agencia de Eventos"},"image":{"@id":"https:\/\/grupoglow.com\/#\/schema\/logo\/image\/"},"sameAs":["https:\/\/www.instagram.com\/grupoglow_events\/"]}]}},"uagb_featured_image_src":{"full":false,"thumbnail":false,"medium":false,"medium_large":false,"large":false,"1536x1536":false,"2048x2048":false,"ultp_layout_landscape_large":false,"ultp_layout_landscape":false,"ultp_layout_portrait":false,"ultp_layout_square":false},"uagb_author_info":{"display_name":"Glow_Admin","author_link":"https:\/\/grupoglow.com\/?author=1"},"uagb_comment_info":0,"uagb_excerpt":null,"_links":{"self":[{"href":"https:\/\/grupoglow.com\/index.php?rest_route=\/wp\/v2\/pages\/2743","targetHints":{"allow":["GET"]}}],"collection":[{"href":"https:\/\/grupoglow.com\/index.php?rest_route=\/wp\/v2\/pages"}],"about":[{"href":"https:\/\/grupoglow.com\/index.php?rest_route=\/wp\/v2\/types\/page"}],"author":[{"embeddable":true,"href":"https:\/\/grupoglow.com\/index.php?rest_route=\/wp\/v2\/users\/1"}],"replies":[{"embeddable":true,"href":"https:\/\/grupoglow.com\/index.php?rest_route=%2Fwp%2Fv2%2Fcomments&post=2743"}],"version-history":[{"count":25,"href":"https:\/\/grupoglow.com\/index.php?rest_route=\/wp\/v2\/pages\/2743\/revisions"}],"predecessor-version":[{"id":4126,"href":"https:\/\/grupoglow.com\/index.php?rest_route=\/wp\/v2\/pages\/2743\/revisions\/4126"}],"wp:attachment":[{"href":"https:\/\/grupoglow.com\/index.php?rest_route=%2Fwp%2Fv2%2Fmedia&parent=2743"}],"curies":[{"name":"wp","href":"https:\/\/api.w.org\/{rel}","templated":true}]}}